{"id":10867,"date":"2021-10-20T11:17:30","date_gmt":"2021-10-20T09:17:30","guid":{"rendered":"https:\/\/ribhouse.dk\/roskilde\/?page_id=10867"},"modified":"2021-10-20T11:23:46","modified_gmt":"2021-10-20T09:23:46","slug":"persondatapolitik","status":"publish","type":"page","link":"https:\/\/ribhouse.dk\/roskilde\/persondatapolitik\/","title":{"rendered":"Persondatapolitik"},"content":{"rendered":"<div>\n<h3>Persondatapolitik hos <span class=\"company\">RIB-HOUSE ROSKILDE ApS<\/span><\/h3>\n<p>Vi indhenter kun persondata i de tilf\u00e6lde, hvor dette skulle v\u00e6re relevant for os, og vi vil kun indhente persondata, hvis det er relevant for din aktivitet hos <span class=\"company\">RIB-HOUSE ROSKILDE ApS<\/span>.<\/p>\n<p>Ved indsamling, behandling og anvendelse af dine persondata overholder vi altid alle relevante lovbestemmelser.<\/p>\n<p>Vi vil kun opbevare dine persondata, s\u00e5 l\u00e6nge vi enten er p\u00e5lagt en juridisk forpligtelse hertil, eller s\u00e5 l\u00e6nge det er relevant for den hensigt, hvormed de blev indsamlet.<\/p>\n<\/p>\n<h4>Oplysninger vi indsamler<\/h4>\n<p><span class=\"company\">RIB-HOUSE ROSKILDE ApS<\/span> indsamler og behandler dine persondata, n\u00e5r du foretager dig f\u00f8lgende: <\/p>\n<p>&#8211; Bes\u00f8ger vores hjemmeside<\/p>\n<p class=\"nyhedsbrev\">&#8211; Tilmelder dig vores nyhedsbrev<\/p>\n<p class=\"contact\">&#8211; Sender os sp\u00f8rgsm\u00e5l, reklamationer eller feedback<\/p>\n<\/p>\n<h4>Den dataansvarlige<\/h4>\n<p>Den dataansvarlige for indsamling, behandling og anvendelse af dine personoplysninger p\u00e5 <span class=\"hjemmeside\">www.ribhouse.dk<\/span> er <span class=\"company\">RIB-HOUSE ROSKILDE ApS<\/span>, <span class=\"adresse\">Djalma Lunds G\u00e5rd 8, 4000 Roskilde<\/span><span class=\"cvr\">, cvr nr. 35393420<\/span><\/p>\n<\/p>\n<h4>Behandlingsgrundlag og form\u00e5l<\/h4>\n<p>Dine almindelige kontaktoplysninger som navn og adresse indhenter vi for at kunne levere det produkt eller den ydelse, som du har k\u00f8bt hos os. Din e-mailadresse indhenter vi for at kunne sende dig en ordrebekr\u00e6ftelse samt en leveringsbekr\u00e6ftelse.<\/p>\n<p class=\"nyhedsbrev\">Hvis du under registreringsprocessen eller p\u00e5 vores hjemmeside har givet os dit samtykke hertil, bruger vi din e-mailadresse til udsendelse af et nyhedsbrev. Du kan til enhver tid til- og afmelde dig nyhedsbrevet. Alle nyhedsbreve indeholder ogs\u00e5 et link til afmelding. Hvis behandling af persondata er baseret p\u00e5 dit samtykke, har du til enhver tid ret til at tilbagekalde samtykket.<\/p>\n<p>Dine oplysninger (undtagen din e-mailadresse, hvis du har givet samtykke til behandling heraf med henblik p\u00e5 modtagelse af tilbud) vil blive slettet <span class=\"varighed\">3 \u00e5r<\/span> efter, at du har modtaget din vare eller ydelse.<\/p>\n<\/p>\n<h4>Andre modtagere af personoplysninger<\/h4>\n<p>Vi s\u00e6lger ikke dine persondata til tredjemand, og vi overf\u00f8rer ikke dine persondata til tredjelande.<\/p>\n<p>Vi har vores hjemmeside hos <span class=\"hostmaster\">Netsite.dk<\/span> , som fungerer som vores databehandler. Alle persondata som du oplyser p\u00e5 vores hjemmeside vil blive opbevaret i <span class=\"hostmaster\">Netsite.dk<\/span>s datacentre.<\/p>\n<p class=\"ekstern\">Vi anvender eksterne virksomheder som leverand\u00f8rer for at levere vores ydelser bedst muligt. Disse eksterne leverand\u00f8rer er databehandlere og behandler i visse tilf\u00e6lde personoplysninger i forbindelse med deres levering af ydelser til os. Vores databehandlere behandler kun personoplysninger efter vores instruks og i overensstemmelse med lovgivningens krav til databehandlere.<\/p>\n<p>Vi har indg\u00e5et databehandleraftaler med vores databehandlere, hvilket er vores garanti for, at de overholder g\u00e6ldende regler om beskyttelse af dine personoplysninger.<\/p>\n<\/p>\n<h4>Dine rettigheder<\/h4>\n<p>Som den registrerede har du en r\u00e6kke rettigheder, som vi til enhver tid skal sikre opfyldelse af. Du har ret til at anmode os om f\u00f8lgende:<br \/>\u2022 At f\u00e5 adgang til og f\u00e5 rettet\/\u00e6ndret dine persondata<br \/>\u2022 At f\u00e5 slettet persondata<\/p>\n<p>Du har derudover ret til at protestere over behandlingen af dine personlige data, og du har ret til at indgive klage til en databeskyttelsesmyndighed.<\/p>\n<p>\u00d8nsker du ikke l\u00e6ngere, at vi skal behandle dine personoplysninger, eller at vi skal begr\u00e6nse behandlingen af dine personoplysninger, kan du ogs\u00e5 sende os en anmodning herom til vores e-mailadresse <span class=\"email\">ferhat@ribhouse.dk<\/span>.<\/p>\n<\/div>\n<p><!--more--><br \/>\n<!-- {\"name\":\"cookieside\",\"type\":\"layout\",\"children\":[{\"type\":\"section\",\"props\":{\"style\":\"default\",\"width\":\"\",\"vertical_align\":\"middle\",\"title_position\":\"top-left\",\"title_rotation\":\"left\",\"title_breakpoint\":\"xl\",\"image_position\":\"center-center\",\"image\":\"wp-content\\\/uploads\\\/Tr\\u00e6baggrund_m\\u00f8rk_forl\\u00f8b_dark.jpg\",\"header_transparent\":\"light\",\"padding_remove_top\":true,\"image_size\":\"cover\"},\"children\":[{\"type\":\"row\",\"children\":[{\"type\":\"column\",\"props\":{\"image_position\":\"center-center\",\"media_overlay_gradient\":\"\"},\"children\":[]}]},{\"type\":\"row\",\"props\":{\"width\":\"default\"},\"children\":[{\"type\":\"column\",\"props\":{\"image_position\":\"center-center\",\"media_overlay_gradient\":\"\",\"width_medium\":\"\"},\"children\":[{\"type\":\"text\",\"props\":{\"margin\":\"default\",\"column_breakpoint\":\"m\",\"content\":\"\n\n<h3>Persondatapolitik hos <span class=\\\"company\\\">RIB-HOUSE ROSKILDE ApS<\\\/span><\\\/h3>\\n\n\n<p>Vi indhenter kun persondata i de tilf\\u00e6lde, hvor dette skulle v\\u00e6re relevant for os, og vi vil kun indhente persondata, hvis det er relevant for din aktivitet hos <span class=\\\"company\\\">RIB-HOUSE ROSKILDE ApS<\\\/span>.<\\\/p>\\n\n\n<p>Ved indsamling, behandling og anvendelse af dine persondata overholder vi altid alle relevante lovbestemmelser.<\\\/p>\\n\n\n<p>Vi vil kun opbevare dine persondata, s\\u00e5 l\\u00e6nge vi enten er p\\u00e5lagt en juridisk forpligtelse hertil, eller s\\u00e5 l\\u00e6nge det er relevant for den hensigt, hvormed de blev indsamlet.<\\\/p>\\n\n\n<p><\\\/p>\\n\n\n<h4>Oplysninger vi indsamler<\\\/h4>\\n\n\n<p><span class=\\\"company\\\">RIB-HOUSE ROSKILDE ApS<\\\/span> indsamler og behandler dine persondata, n\\u00e5r du foretager dig f\\u00f8lgende: <\\\/p>\\n\n\n<p>- Bes\\u00f8ger vores hjemmeside<\\\/p>\\n\n\n<p class=\\\"nyhedsbrev\\\">- Tilmelder dig vores nyhedsbrev<\\\/p>\\n\n\n<p class=\\\"contact\\\">- Sender os sp\\u00f8rgsm\\u00e5l, reklamationer eller feedback<\\\/p>\\n\n\n<p><\\\/p>\\n\n\n<h4>Den dataansvarlige<\\\/h4>\\n\n\n<p>Den dataansvarlige for indsamling, behandling og anvendelse af dine personoplysninger p\\u00e5 <span class=\\\"hjemmeside\\\">www.ribhouse.dk<\\\/span> er <span class=\\\"company\\\">RIB-HOUSE ROSKILDE ApS<\\\/span>, <span class=\\\"adresse\\\">Djalma Lunds G\\u00e5rd 8, 4000 Roskilde<\\\/span><span class=\\\"cvr\\\">, cvr nr. 35393420<\\\/span><\\\/p>\\n\n\n<p><\\\/p>\\n\n\n<h4>Behandlingsgrundlag og form\\u00e5l<\\\/h4>\\n\n\n<p>Dine almindelige kontaktoplysninger som navn og adresse indhenter vi for at kunne levere det produkt eller den ydelse, som du har k\\u00f8bt hos os. Din e-mailadresse indhenter vi for at kunne sende dig en ordrebekr\\u00e6ftelse samt en leveringsbekr\\u00e6ftelse.<\\\/p>\\n\n\n<p class=\\\"nyhedsbrev\\\">Hvis du under registreringsprocessen eller p\\u00e5 vores hjemmeside har givet os dit samtykke hertil, bruger vi din e-mailadresse til udsendelse af et nyhedsbrev. Du kan til enhver tid til- og afmelde dig nyhedsbrevet. Alle nyhedsbreve indeholder ogs\\u00e5 et link til afmelding. Hvis behandling af persondata er baseret p\\u00e5 dit samtykke, har du til enhver tid ret til at tilbagekalde samtykket.<\\\/p>\\n\n\n<p>Dine oplysninger (undtagen din e-mailadresse, hvis du har givet samtykke til behandling heraf med henblik p\\u00e5 modtagelse af tilbud) vil blive slettet <span class=\\\"varighed\\\">3 \\u00e5r<\\\/span> efter, at du har modtaget din vare eller ydelse.<\\\/p>\\n\n\n<p><\\\/p>\\n\n\n<h4>Andre modtagere af personoplysninger<\\\/h4>\\n\n\n<p>Vi s\\u00e6lger ikke dine persondata til tredjemand, og vi overf\\u00f8rer ikke dine persondata til tredjelande.<\\\/p>\\n\n\n<p>Vi har vores hjemmeside hos <span class=\\\"hostmaster\\\">Netsite.dk<\\\/span> , som fungerer som vores databehandler. Alle persondata som du oplyser p\\u00e5 vores hjemmeside vil blive opbevaret i <span class=\\\"hostmaster\\\">Netsite.dk<\\\/span>s datacentre.<\\\/p>\\n\n\n<p class=\\\"ekstern\\\">Vi anvender eksterne virksomheder som leverand\\u00f8rer for at levere vores ydelser bedst muligt. Disse eksterne leverand\\u00f8rer er databehandlere og behandler i visse tilf\\u00e6lde personoplysninger i forbindelse med deres levering af ydelser til os. Vores databehandlere behandler kun personoplysninger efter vores instruks og i overensstemmelse med lovgivningens krav til databehandlere.<\\\/p>\\n\n\n<p>Vi har indg\\u00e5et databehandleraftaler med vores databehandlere, hvilket er vores garanti for, at de overholder g\\u00e6ldende regler om beskyttelse af dine personoplysninger.<\\\/p>\\n\n\n<p><\\\/p>\\n\n\n<h4>Dine rettigheder<\\\/h4>\\n\n\n<p>Som den registrerede har du en r\\u00e6kke rettigheder, som vi til enhver tid skal sikre opfyldelse af. Du har ret til at anmode os om f\\u00f8lgende:<br \\\/>\\u2022 At f\\u00e5 adgang til og f\\u00e5 rettet\\\/\\u00e6ndret dine persondata<br \\\/>\\u2022 At f\\u00e5 slettet persondata<\\\/p>\\n\n\n<p>Du har derudover ret til at protestere over behandlingen af dine personlige data, og du har ret til at indgive klage til en databeskyttelsesmyndighed.<\\\/p>\\n\n\n<p>\\u00d8nsker du ikke l\\u00e6ngere, at vi skal behandle dine personoplysninger, eller at vi skal begr\\u00e6nse behandlingen af dine personoplysninger, kan du ogs\\u00e5 sende os en anmodning herom til vores e-mailadresse <span class=\\\"email\\\">ferhat@ribhouse.dk<\\\/span>.<\\\/p>\"}}]}]}]}],\"version\":\"2.6.6\"} --><\/p>\n","protected":false},"excerpt":{"rendered":"<p>Persondatapolitik hos RIB-HOUSE ROSKILDE ApS Vi indhenter kun persondata i de tilf\u00e6lde, hvor dette skulle v\u00e6re relevant for os, og vi vil kun indhente persondata, hvis det er relevant for din aktivitet hos RIB-HOUSE ROSKILDE ApS. Ved indsamling, behandling og anvendelse af dine persondata overholder vi altid alle relevante lovbestemmelser. Vi vil kun opbevare dine [&hellip;]<\/p>\n","protected":false},"author":1,"featured_media":0,"parent":0,"menu_order":0,"comment_status":"closed","ping_status":"closed","template":"","meta":{"_acf_changed":false,"footnotes":""},"class_list":["post-10867","page","type-page","status-publish","hentry"],"acf":[],"_links":{"self":[{"href":"https:\/\/ribhouse.dk\/roskilde\/wp-json\/wp\/v2\/pages\/10867","targetHints":{"allow":["GET"]}}],"collection":[{"href":"https:\/\/ribhouse.dk\/roskilde\/wp-json\/wp\/v2\/pages"}],"about":[{"href":"https:\/\/ribhouse.dk\/roskilde\/wp-json\/wp\/v2\/types\/page"}],"author":[{"embeddable":true,"href":"https:\/\/ribhouse.dk\/roskilde\/wp-json\/wp\/v2\/users\/1"}],"replies":[{"embeddable":true,"href":"https:\/\/ribhouse.dk\/roskilde\/wp-json\/wp\/v2\/comments?post=10867"}],"version-history":[{"count":2,"href":"https:\/\/ribhouse.dk\/roskilde\/wp-json\/wp\/v2\/pages\/10867\/revisions"}],"predecessor-version":[{"id":10871,"href":"https:\/\/ribhouse.dk\/roskilde\/wp-json\/wp\/v2\/pages\/10867\/revisions\/10871"}],"wp:attachment":[{"href":"https:\/\/ribhouse.dk\/roskilde\/wp-json\/wp\/v2\/media?parent=10867"}],"curies":[{"name":"wp","href":"https:\/\/api.w.org\/{rel}","templated":true}]}}