{"id":7,"date":"2020-06-30T23:09:19","date_gmt":"2020-06-30T21:09:19","guid":{"rendered":"https:\/\/ribhouse.dk\/helsingoer\/?page_id=7"},"modified":"2025-10-29T09:24:01","modified_gmt":"2025-10-29T08:24:01","slug":"rib-house-helsingoer","status":"publish","type":"page","link":"https:\/\/ribhouse.dk\/helsingoer\/","title":{"rendered":"Rib House Helsing\u00f8r"},"content":{"rendered":"<div>\n<p>    <img decoding=\"async\" src=\"\/helsingoer\/wp-content\/uploads\/sites\/3\/2020\/07\/Helsing%C3%B8r.jpeg\" alt=\"\"><\/p>\n<\/div>\n<div>\n<p>    <!-- easyTableBooking START --><br \/>\n<script type=\"text\/javascript\">\n(function() { var st=document.createElement('script'); st.type='text\/javascript'; st.async=true; st.src='\/\/book.easytablebooking.com\/book\/widget\/v3\/book.js'; var sc=document.getElementsByTagName('script')[0]; sc.parentNode.insertBefore(st, sc); })();\n<\/script><noscript>Din browser har deaktiveret JavaScript!<\/noscript><\/p>\n<div class=\"BookingBox\" data-place=\"04b21\" data-lang=\"auto\"><span>I samarbejde med <a href=\"http:\/\/easytablebooking.dk\/\" target=\"_blank\" title=\"Online restaurant booking\">easyTableBooking.dk<\/a><\/span><\/div>\n<p><!-- easyTableBooking END --><\/p>\n<\/div>\n<hr>\n<div><a href=\"https:\/\/ribhouse.dk\/helsingoer\/cookiepolitik\/\" style=\"color: #FFF7AD\" target=\"_blank\" rel=\"noopener noreferrer\">Cookiepolitik<\/a><br \/><a href=\"https:\/\/ribhouse.dk\/helsingoer\/persondatapolitik\/\" style=\"color: #FFF7AD\" target=\"_blank\" rel=\"noopener noreferrer\">Persondatapolitik<\/a><\/p>\n<\/div>\n<div>\n<h3>Rib House Helsing\u00f8r<\/h3>\n<div>\n<p><strong>Man-tors: 10:00-22:00<\/strong><br \/><strong>Fre: 10:00-23:00<br \/><\/strong><strong>L\u00f8r: 10:00-23:00<br \/>S\u00f8n: 10:00-22:00<\/strong><\/p>\n<\/p>\n<p>Stengade 39\u00a0<br \/>3000 Helsing\u00f8r<br \/>Tlf: 49 200 300<\/p>\n<\/p>\n<\/p>\n<\/div>\n<\/div>\n<div>\n<h3>OBS<\/h3>\n<div>\n<p>Det er ikke muligt at booke bord til udenfor, da vi k\u00f8rer efter &#8220;f\u00f8rst til m\u00f8lle&#8221; princippet.<\/p>\n<p><i>Vi g\u00f8r opm\u00e6rksom p\u00e5, at ved arrangementer med 8 personer eller derover, skal der senest 48 timer inden ankomst til restauranten, v\u00e6re meddelt endelig antal personer. Ellers vil du\/I blive opkr\u00e6vet det fulde antal personer.<\/i><\/div>\n<\/div>\n<p><!--more--><br \/>\n<!-- {\"type\":\"layout\",\"children\":[{\"type\":\"section\",\"props\":{\"header_transparent\":true,\"header_transparent_text_color\":\"light\",\"image\":\"wp-content\\\/uploads\\\/Tr\\u00e6baggrund_m\\u00f8rk_forl\\u00f8b_dark.jpg\",\"image_position\":\"center-center\",\"image_size\":\"cover\",\"padding_remove_top\":true,\"style\":\"default\",\"title_breakpoint\":\"xl\",\"title_position\":\"top-left\",\"title_rotation\":\"left\",\"vertical_align\":\"middle\",\"width\":\"\"},\"children\":[{\"type\":\"row\",\"children\":[{\"type\":\"column\",\"props\":{\"image_position\":\"center-center\",\"position_sticky_breakpoint\":\"m\"},\"children\":[{\"type\":\"slideshow\",\"props\":{\"link_style\":\"default\",\"link_text\":\"Read more\",\"margin\":\"default\",\"meta_align\":\"below-title\",\"meta_element\":\"div\",\"meta_style\":\"text-meta\",\"nav\":\"dotnav\",\"nav_align\":\"center\",\"nav_breakpoint\":\"s\",\"nav_position\":\"bottom-center\",\"nav_position_margin\":\"medium\",\"overlay_animation\":\"parallax\",\"overlay_position\":\"center-left\",\"show_content\":true,\"show_link\":true,\"show_meta\":true,\"show_thumbnail\":true,\"show_title\":true,\"slidenav\":\"default\",\"slidenav_breakpoint\":\"s\",\"slidenav_margin\":\"medium\",\"slidenav_outside_breakpoint\":\"xl\",\"slideshow_autoplay_pause\":true,\"slideshow_min_height\":300,\"slideshow_ratio\":\"16:7\",\"thumbnav_height\":\"75\",\"thumbnav_svg_color\":\"emphasis\",\"thumbnav_width\":\"100\",\"title_element\":\"h3\"},\"children\":[{\"type\":\"slideshow_item\",\"props\":{\"image\":\"wp-content\\\/uploads\\\/sites\\\/3\\\/2020\\\/07\\\/Helsing\\u00f8r.jpeg\"}}]}]}]},{\"type\":\"row\",\"props\":{\"width\":\"default\"},\"children\":[{\"type\":\"column\",\"props\":{\"image_position\":\"center-center\",\"position_sticky_breakpoint\":\"m\"}}]},{\"type\":\"row\",\"props\":{\"layout\":\"2-3,1-3\",\"width\":\"default\"},\"children\":[{\"type\":\"column\",\"props\":{\"image_position\":\"center-center\",\"position_sticky_breakpoint\":\"m\",\"width_medium\":\"2-3\"},\"children\":[{\"type\":\"html\",\"props\":{\"content\":\"<!-- easyTableBooking START -->\\n<script type=\\\"text\\\/javascript\\\">\\n(function() { var st=document.createElement('script'); st.type='text\\\/javascript'; st.async=true; st.src='\\\/\\\/book.easytablebooking.com\\\/book\\\/widget\\\/v3\\\/book.js'; var sc=document.getElementsByTagName('script')[0]; sc.parentNode.insertBefore(st, sc); })();\\n<\\\/script><noscript>Din browser har deaktiveret JavaScript!<\\\/noscript>\\n<\/p>\n<div class=\\\"BookingBox\\\" data-place=\\\"04b21\\\" data-lang=\\\"auto\\\"><span>I samarbejde med <a href=\\\"http:\\\/\\\/easytablebooking.dk\\\/\\\" target=\\\"_blank\\\" title=\\\"Online restaurant booking\\\">easyTableBooking.dk<\\\/a><\\\/span><\\\/div>\\n<!-- easyTableBooking END -->\\n\"}},{\"type\":\"divider\",\"props\":{\"attributes\":\"\\t\\t\",\"divider_element\":\"hr\",\"maxwidth\":\"small\"}},{\"type\":\"text\",\"props\":{\"column_breakpoint\":\"m\",\"content\":\"<a href=\\\"https:\\\/\\\/ribhouse.dk\\\/helsingoer\\\/cookiepolitik\\\/\\\" style=\\\"color: #FFF7AD\\\" target=\\\"_blank\\\" rel=\\\"noopener noreferrer\\\">Cookiepolitik<\\\/a><br \\\/><a href=\\\"https:\\\/\\\/ribhouse.dk\\\/helsingoer\\\/persondatapolitik\\\/\\\" style=\\\"color: #FFF7AD\\\" target=\\\"_blank\\\" rel=\\\"noopener noreferrer\\\">Persondatapolitik<\\\/a><\\\/p>\",\"margin\":\"default\"}}]},{\"type\":\"column\",\"props\":{\"image_position\":\"center-center\",\"position_sticky_breakpoint\":\"m\",\"width_medium\":\"1-3\"},\"children\":[{\"type\":\"panel\",\"props\":{\"content\":\"<\/p>\n<p><strong>Man-tors: 10:00-22:00<\\\/strong><br \\\/><strong>Fre: 10:00-23:00<br \\\/><\\\/strong><strong>L\\u00f8r: 10:00-23:00<br \\\/>S\\u00f8n: 10:00-22:00<\\\/strong><\\\/p>\\n<\/p>\n<p><\\\/p>\\n<\/p>\n<p>Stengade 39\\u00a0<br \\\/>3000 Helsing\\u00f8r<br \\\/>Tlf: 49 200 300<\\\/p>\\n<\/p>\n<p><\\\/p>\\n<\/p>\n<p><\\\/p>\\n<\/p>\n<p><\\\/p>\",\"content_column_breakpoint\":\"m\",\"css\":\".el-element {\\nmargin-top: 32px;}\",\"icon_width\":80,\"image_align\":\"top\",\"image_grid_breakpoint\":\"m\",\"image_grid_width\":\"1-2\",\"image_svg_color\":\"emphasis\",\"link_style\":\"default\",\"link_text\":\"Read more\",\"margin\":\"default\",\"meta_align\":\"below-title\",\"meta_element\":\"div\",\"meta_style\":\"text-meta\",\"panel_padding\":\"default\",\"panel_style\":\"card-default\",\"title\":\"Rib House Helsing\\u00f8r\",\"title_align\":\"top\",\"title_element\":\"h3\",\"title_grid_breakpoint\":\"m\",\"title_grid_width\":\"1-2\",\"title_hover_style\":\"reset\"}},{\"type\":\"panel\",\"props\":{\"class\":\"red-border\",\"content\":\"<\/p>\n<p>Det er ikke muligt at booke bord til udenfor, da vi k\\u00f8rer efter \\\"f\\u00f8rst til m\\u00f8lle\\\" princippet.<\\\/p><br \/><i>Vi g\\u00f8r opm\\u00e6rksom p\\u00e5, at ved arrangementer med 8 personer eller derover, skal der senest 48 timer inden ankomst til restauranten, v\\u00e6re meddelt endelig antal personer. Ellers vil du\\\/I blive opkr\\u00e6vet det fulde antal personer.<\\\/i>\",\"content_column_breakpoint\":\"m\",\"css\":\".el-element {\\nmargin-top: 32px;}\",\"icon_width\":80,\"image_align\":\"top\",\"image_grid_breakpoint\":\"m\",\"image_grid_width\":\"1-2\",\"image_svg_color\":\"emphasis\",\"link_style\":\"default\",\"link_text\":\"Read more\",\"margin\":\"default\",\"meta_align\":\"below-title\",\"meta_element\":\"div\",\"meta_style\":\"text-meta\",\"panel_padding\":\"default\",\"panel_style\":\"card-default\",\"title\":\"OBS\",\"title_align\":\"top\",\"title_element\":\"h3\",\"title_grid_breakpoint\":\"m\",\"title_grid_width\":\"1-2\",\"title_hover_style\":\"reset\"},\"name\":\"panel booke bord r\\u00f8d bg\"}]}]}]}],\"version\":\"4.3.6\"} --><\/p>\n","protected":false},"excerpt":{"rendered":"<p>Din browser har deaktiveret JavaScript! I samarbejde med easyTableBooking.dk CookiepolitikPersondatapolitik Rib House Helsing\u00f8r Man-tors: 10:00-22:00Fre: 10:00-23:00L\u00f8r: 10:00-23:00S\u00f8n: 10:00-22:00 Stengade 39\u00a03000 Helsing\u00f8rTlf: 49 200 300 OBS Det er ikke muligt at booke bord til udenfor, da vi k\u00f8rer efter &#8220;f\u00f8rst til m\u00f8lle&#8221; princippet. Vi g\u00f8r opm\u00e6rksom p\u00e5, at ved arrangementer med 8 personer eller derover, skal [&hellip;]<\/p>\n","protected":false},"author":1,"featured_media":0,"parent":0,"menu_order":0,"comment_status":"closed","ping_status":"closed","template":"","meta":{"_acf_changed":false,"footnotes":""},"class_list":["post-7","page","type-page","status-publish","hentry"],"acf":[],"_links":{"self":[{"href":"https:\/\/ribhouse.dk\/helsingoer\/wp-json\/wp\/v2\/pages\/7","targetHints":{"allow":["GET"]}}],"collection":[{"href":"https:\/\/ribhouse.dk\/helsingoer\/wp-json\/wp\/v2\/pages"}],"about":[{"href":"https:\/\/ribhouse.dk\/helsingoer\/wp-json\/wp\/v2\/types\/page"}],"author":[{"embeddable":true,"href":"https:\/\/ribhouse.dk\/helsingoer\/wp-json\/wp\/v2\/users\/1"}],"replies":[{"embeddable":true,"href":"https:\/\/ribhouse.dk\/helsingoer\/wp-json\/wp\/v2\/comments?post=7"}],"version-history":[{"count":58,"href":"https:\/\/ribhouse.dk\/helsingoer\/wp-json\/wp\/v2\/pages\/7\/revisions"}],"predecessor-version":[{"id":20348,"href":"https:\/\/ribhouse.dk\/helsingoer\/wp-json\/wp\/v2\/pages\/7\/revisions\/20348"}],"wp:attachment":[{"href":"https:\/\/ribhouse.dk\/helsingoer\/wp-json\/wp\/v2\/media?parent=7"}],"curies":[{"name":"wp","href":"https:\/\/api.w.org\/{rel}","templated":true}]}}